{"id":108,"date":"2025-10-26T10:06:45","date_gmt":"2025-10-26T10:06:45","guid":{"rendered":"https:\/\/ylamaamystique.fi\/?page_id=108"},"modified":"2025-11-29T10:22:11","modified_gmt":"2025-11-29T10:22:11","slug":"spektroliitti","status":"publish","type":"page","link":"https:\/\/ylamaamystique.fi\/index.php\/spektroliitti\/","title":{"rendered":"Spektroliitti"},"content":{"rendered":"\n<p>Suomalainen jalokivi. Sit\u00e4 esiintyy hyv\u00e4laatuisena\u00a0vain Lappeenrannan Yl\u00e4maalla, miss\u00e4 ensimm\u00e4iset esiintym\u00e4t\u00a0l\u00f6ydettiin v\u00e4lirauhan aikana 1940-luvulla Salpalinjan rakentamisen\u00a0yhteydess\u00e4. Yl\u00e4maalta louhittava kivi s\u00e4teilee poikkeuksellisen voimakasta\u00a0v\u00e4riloistoa. Kivelle on annettu t\u00e4t\u00e4 kuvaava nimi, Spektroliitti.\u00a0Sen\u00a0kiehtovuus perustuu v\u00e4rien rajattomaan vaihteluun, jota voi korostaa\u00a0entisest\u00e4\u00e4n kive\u00e4 k\u00e4\u00e4nt\u00e4m\u00e4ll\u00e4. V\u00e4riloiston saa aikaan kiven\u00a0korttipakkamainen rakenne, joka koostuu millimetrin sadasosan\u00a0paksuisista kerroksista.\u00a0Laajan v\u00e4rivaihtelun ja voimakkaiden v\u00e4rien ansiosta Spektroliitti on saavuttanut suurta suosiota niin koti- kuin ulkomaillakin.\u00a0Useimmiten kivi taipuu kuitenkin kauniiksi koruiksi tai vaikkapa\u00a0kodin koriste- ja tarve-esineiksi.<br>Ukko Ylijumalalta Spektroliitin luomisty\u00f6 onnistui helposti, mutta\u00a0sen louhiminen ihmisvoimin Karjalan kovasta kalliosta on hieman\u00a0ty\u00f6l\u00e4\u00e4mp\u00e4\u00e4. Kokeile sin\u00e4 kuinka onnistut siin\u00e4.<\/p>\n\n\n\n<figure class=\"wp-block-image size-large is-resized\"><img loading=\"lazy\" decoding=\"async\" width=\"1024\" height=\"683\" src=\"https:\/\/ylamaamystique.fi\/wp-content\/uploads\/2025\/10\/kide-1024x683.jpg\" alt=\"\" class=\"wp-image-171\" style=\"width:790px;height:auto\" srcset=\"https:\/\/ylamaamystique.fi\/wp-content\/uploads\/2025\/10\/kide-1024x683.jpg 1024w, https:\/\/ylamaamystique.fi\/wp-content\/uploads\/2025\/10\/kide-300x200.jpg 300w, https:\/\/ylamaamystique.fi\/wp-content\/uploads\/2025\/10\/kide-768x512.jpg 768w, https:\/\/ylamaamystique.fi\/wp-content\/uploads\/2025\/10\/kide.jpg 1386w\" sizes=\"auto, (max-width: 1024px) 100vw, 1024px\" \/><\/figure>\n\n\n\n<figure class=\"wp-block-image size-large\"><img loading=\"lazy\" decoding=\"async\" width=\"1024\" height=\"768\" src=\"https:\/\/ylamaamystique.fi\/wp-content\/uploads\/2025\/10\/Spec030-1024x768.jpg\" alt=\"\" class=\"wp-image-172\" srcset=\"https:\/\/ylamaamystique.fi\/wp-content\/uploads\/2025\/10\/Spec030-1024x768.jpg 1024w, https:\/\/ylamaamystique.fi\/wp-content\/uploads\/2025\/10\/Spec030-300x225.jpg 300w, https:\/\/ylamaamystique.fi\/wp-content\/uploads\/2025\/10\/Spec030-768x576.jpg 768w, https:\/\/ylamaamystique.fi\/wp-content\/uploads\/2025\/10\/Spec030.jpg 1232w\" sizes=\"auto, (max-width: 1024px) 100vw, 1024px\" \/><\/figure>\n","protected":false},"excerpt":{"rendered":"<p>Suomalainen jalokivi. Sit\u00e4 esiintyy hyv\u00e4laatuisena\u00a0vain Lappeenrannan Yl\u00e4maalla, miss\u00e4 ensimm\u00e4iset esiintym\u00e4t\u00a0l\u00f6ydettiin v\u00e4lirauhan aikana 1940-luvulla Salpalinjan rakentamisen\u00a0yhteydess\u00e4. Yl\u00e4maalta louhittava kivi s\u00e4teilee poikkeuksellisen voimakasta\u00a0v\u00e4riloistoa. Kivelle on annettu t\u00e4t\u00e4 kuvaava nimi, Spektroliitti.\u00a0Sen\u00a0kiehtovuus perustuu v\u00e4rien rajattomaan vaihteluun, jota voi korostaa\u00a0entisest\u00e4\u00e4n kive\u00e4 k\u00e4\u00e4nt\u00e4m\u00e4ll\u00e4. V\u00e4riloiston saa aikaan kiven\u00a0korttipakkamainen rakenne, joka koostuu millimetrin sadasosan\u00a0paksuisista kerroksista.\u00a0Laajan v\u00e4rivaihtelun ja voimakkaiden v\u00e4rien ansiosta Spektroliitti on saavuttanut [&hellip;]<\/p>\n","protected":false},"author":1,"featured_media":0,"parent":0,"menu_order":0,"comment_status":"closed","ping_status":"closed","template":"","meta":{"footnotes":""},"class_list":["post-108","page","type-page","status-publish","hentry"],"_links":{"self":[{"href":"https:\/\/ylamaamystique.fi\/index.php\/wp-json\/wp\/v2\/pages\/108","targetHints":{"allow":["GET"]}}],"collection":[{"href":"https:\/\/ylamaamystique.fi\/index.php\/wp-json\/wp\/v2\/pages"}],"about":[{"href":"https:\/\/ylamaamystique.fi\/index.php\/wp-json\/wp\/v2\/types\/page"}],"author":[{"embeddable":true,"href":"https:\/\/ylamaamystique.fi\/index.php\/wp-json\/wp\/v2\/users\/1"}],"replies":[{"embeddable":true,"href":"https:\/\/ylamaamystique.fi\/index.php\/wp-json\/wp\/v2\/comments?post=108"}],"version-history":[{"count":4,"href":"https:\/\/ylamaamystique.fi\/index.php\/wp-json\/wp\/v2\/pages\/108\/revisions"}],"predecessor-version":[{"id":185,"href":"https:\/\/ylamaamystique.fi\/index.php\/wp-json\/wp\/v2\/pages\/108\/revisions\/185"}],"wp:attachment":[{"href":"https:\/\/ylamaamystique.fi\/index.php\/wp-json\/wp\/v2\/media?parent=108"}],"curies":[{"name":"wp","href":"https:\/\/api.w.org\/{rel}","templated":true}]}}