{"id":124,"date":"2025-10-26T10:46:25","date_gmt":"2025-10-26T10:46:25","guid":{"rendered":"https:\/\/ylamaamystique.fi\/?page_id=124"},"modified":"2025-10-26T11:43:14","modified_gmt":"2025-10-26T11:43:14","slug":"yhteystiedot","status":"publish","type":"page","link":"https:\/\/ylamaamystique.fi\/index.php\/yhteystiedot\/","title":{"rendered":"Yhteystiedot"},"content":{"rendered":"\n<p>Ylamaa Mystique Oy<br><br>Teuvo Tielinen Puh: 0500 459156<br>Hannu Heinonen Puh: 045 6338420<br>Martti K\u00e4lvi\u00e4inen Puh: 0400 151856<br>Louhimo<\/p>\n\n\n\n<p>Jalokivikyl\u00e4:<\/p>\n\n\n\n<p>Ylamaa Mystique Oy<br>Kivikyl\u00e4ntie 17<br>54410 Yl\u00e4maa<\/p>\n\n\n\n<p>Puh: 045 8783855<br>email:&nbsp;<a href=\"mailto:info@ylamaamystique.fi\">info@ylamaamystique.fi<\/a><\/p>\n\n\n\n<p>Ty\u00f6paja ja hiomo:<\/p>\n\n\n\n<p>Ylamaa Mystique Oy<br>Varikkotie 1<br>54410 Yl\u00e4maa<br>( Vanha paloasema)<br>Puh: 045 8783855<br>email:&nbsp;<a href=\"mailto:info@ylamaamystique.fi\">info@ylamaamystique.fi<\/a><\/p>\n","protected":false},"excerpt":{"rendered":"<p>Ylamaa Mystique Oy Teuvo Tielinen Puh: 0500 459156Hannu Heinonen Puh: 045 6338420Martti K\u00e4lvi\u00e4inen Puh: 0400 151856Louhimo Jalokivikyl\u00e4: Ylamaa Mystique OyKivikyl\u00e4ntie 1754410 Yl\u00e4maa Puh: 045 8783855email:&nbsp;info@ylamaamystique.fi Ty\u00f6paja ja hiomo: Ylamaa Mystique OyVarikkotie 154410 Yl\u00e4maa( Vanha paloasema)Puh: 045 8783855email:&nbsp;info@ylamaamystique.fi<\/p>\n","protected":false},"author":1,"featured_media":0,"parent":0,"menu_order":0,"comment_status":"closed","ping_status":"closed","template":"","meta":{"footnotes":""},"class_list":["post-124","page","type-page","status-publish","hentry"],"_links":{"self":[{"href":"https:\/\/ylamaamystique.fi\/index.php\/wp-json\/wp\/v2\/pages\/124","targetHints":{"allow":["GET"]}}],"collection":[{"href":"https:\/\/ylamaamystique.fi\/index.php\/wp-json\/wp\/v2\/pages"}],"about":[{"href":"https:\/\/ylamaamystique.fi\/index.php\/wp-json\/wp\/v2\/types\/page"}],"author":[{"embeddable":true,"href":"https:\/\/ylamaamystique.fi\/index.php\/wp-json\/wp\/v2\/users\/1"}],"replies":[{"embeddable":true,"href":"https:\/\/ylamaamystique.fi\/index.php\/wp-json\/wp\/v2\/comments?post=124"}],"version-history":[{"count":2,"href":"https:\/\/ylamaamystique.fi\/index.php\/wp-json\/wp\/v2\/pages\/124\/revisions"}],"predecessor-version":[{"id":137,"href":"https:\/\/ylamaamystique.fi\/index.php\/wp-json\/wp\/v2\/pages\/124\/revisions\/137"}],"wp:attachment":[{"href":"https:\/\/ylamaamystique.fi\/index.php\/wp-json\/wp\/v2\/media?parent=124"}],"curies":[{"name":"wp","href":"https:\/\/api.w.org\/{rel}","templated":true}]}}