{"id":2,"date":"2025-10-25T16:32:22","date_gmt":"2025-10-25T16:32:22","guid":{"rendered":"https:\/\/ylamaamystique.fi\/?page_id=2"},"modified":"2025-10-28T10:13:25","modified_gmt":"2025-10-28T10:13:25","slug":"tyopaja","status":"publish","type":"page","link":"https:\/\/ylamaamystique.fi\/index.php\/tyopaja\/","title":{"rendered":"Ty\u00f6paja"},"content":{"rendered":"\n<p>Ylamaa Mystiquen ty\u00f6paja ja kivihiomo sijaitsee Yl\u00e4maan keskustassa vanhalla paloasemalla joka on kunnostettu ty\u00f6tilaksi. Ty\u00f6pajassa mahtuu ty\u00f6skentelem\u00e4\u00e4n maksimissaan 20 henkil\u00f6\u00e4 joille on hiomakoneet . Laitteilla voi ohjatusti valmistaa korukivi\u00e4 ja koruja. Ty\u00f6pajalla on taukotilat ja ryhmille on mahdollisuus j\u00e4rjest\u00e4\u00e4 ruokailu my\u00f6s siell\u00e4.<br>Ammattitaitoiset kivisep\u00e4t ohjaavat teit\u00e4 ty\u00f6skentelem\u00e4\u00e4n, hiotte kivipajassa oikeita jalokivi\u00e4 ja teette niist\u00e4 omia koruja. Olette kokeneet hiomon taian ja kiven k\u00e4sittelyn haasteet.<br>Ty\u00f6pajamme ja palvelumme kivest\u00e4 koruksi sopii ryhmille ja yritysten teema- ja tyky p\u00e4ivien el\u00e4mys tapahtumaksi. Palaatte monta kokemusta rikkaampana, itse tekem\u00e4t kivikorut ovat parhaimmat aarteet.<\/p>\n\n\n\n<figure class=\"wp-block-image size-large is-resized\"><img loading=\"lazy\" decoding=\"async\" width=\"1024\" height=\"678\" src=\"https:\/\/ylamaamystique.fi\/wp-content\/uploads\/2025\/10\/AmLEADER-012-1024x678.jpg\" alt=\"\" class=\"wp-image-156\" style=\"width:800px;height:auto\" srcset=\"https:\/\/ylamaamystique.fi\/wp-content\/uploads\/2025\/10\/AmLEADER-012-1024x678.jpg 1024w, https:\/\/ylamaamystique.fi\/wp-content\/uploads\/2025\/10\/AmLEADER-012-300x199.jpg 300w, https:\/\/ylamaamystique.fi\/wp-content\/uploads\/2025\/10\/AmLEADER-012-768x509.jpg 768w, https:\/\/ylamaamystique.fi\/wp-content\/uploads\/2025\/10\/AmLEADER-012-1536x1018.jpg 1536w, https:\/\/ylamaamystique.fi\/wp-content\/uploads\/2025\/10\/AmLEADER-012.jpg 2000w\" sizes=\"auto, (max-width: 1024px) 100vw, 1024px\" \/><\/figure>\n\n\n\n<p>Mystiquen hiomo Yl\u00e4maan keskustassa vanhassa paloasemassa uudessa k\u00e4yt\u00f6ss\u00e4.<\/p>\n\n\n\n<figure class=\"wp-block-image size-large is-resized\"><img loading=\"lazy\" decoding=\"async\" width=\"1024\" height=\"678\" src=\"https:\/\/ylamaamystique.fi\/wp-content\/uploads\/2025\/10\/aml4-1024x678.jpg\" alt=\"\" class=\"wp-image-158\" style=\"width:801px;height:auto\" srcset=\"https:\/\/ylamaamystique.fi\/wp-content\/uploads\/2025\/10\/aml4-1024x678.jpg 1024w, https:\/\/ylamaamystique.fi\/wp-content\/uploads\/2025\/10\/aml4-300x199.jpg 300w, https:\/\/ylamaamystique.fi\/wp-content\/uploads\/2025\/10\/aml4-768x509.jpg 768w, https:\/\/ylamaamystique.fi\/wp-content\/uploads\/2025\/10\/aml4-1536x1018.jpg 1536w, https:\/\/ylamaamystique.fi\/wp-content\/uploads\/2025\/10\/aml4.jpg 2000w\" sizes=\"auto, (max-width: 1024px) 100vw, 1024px\" \/><\/figure>\n\n\n\n<p>Nuoret tekem\u00e4ss\u00e4 spektroliitist\u00e4 koruja. <\/p>\n\n\n\n<figure class=\"wp-block-image size-large is-resized\"><img loading=\"lazy\" decoding=\"async\" width=\"1024\" height=\"678\" src=\"https:\/\/ylamaamystique.fi\/wp-content\/uploads\/2025\/10\/AmLEADER-018-1024x678.jpg\" alt=\"\" class=\"wp-image-159\" style=\"width:802px;height:auto\" srcset=\"https:\/\/ylamaamystique.fi\/wp-content\/uploads\/2025\/10\/AmLEADER-018-1024x678.jpg 1024w, https:\/\/ylamaamystique.fi\/wp-content\/uploads\/2025\/10\/AmLEADER-018-300x199.jpg 300w, https:\/\/ylamaamystique.fi\/wp-content\/uploads\/2025\/10\/AmLEADER-018-768x509.jpg 768w, https:\/\/ylamaamystique.fi\/wp-content\/uploads\/2025\/10\/AmLEADER-018-1536x1018.jpg 1536w, https:\/\/ylamaamystique.fi\/wp-content\/uploads\/2025\/10\/AmLEADER-018.jpg 2000w\" sizes=\"auto, (max-width: 1024px) 100vw, 1024px\" \/><\/figure>\n\n\n\n<p>Hionta j\u00e4rjestys numeroitu koneisiin. Ammattitaitoiset kivisep\u00e4t opastavat tekij\u00f6it\u00e4.<\/p>\n\n\n\n<figure class=\"wp-block-image size-large is-resized\"><img loading=\"lazy\" decoding=\"async\" width=\"1024\" height=\"679\" src=\"https:\/\/ylamaamystique.fi\/wp-content\/uploads\/2025\/10\/DSC_0006a-1024x679.jpg\" alt=\"\" class=\"wp-image-160\" style=\"width:803px;height:auto\" srcset=\"https:\/\/ylamaamystique.fi\/wp-content\/uploads\/2025\/10\/DSC_0006a-1024x679.jpg 1024w, https:\/\/ylamaamystique.fi\/wp-content\/uploads\/2025\/10\/DSC_0006a-300x199.jpg 300w, https:\/\/ylamaamystique.fi\/wp-content\/uploads\/2025\/10\/DSC_0006a-768x509.jpg 768w, https:\/\/ylamaamystique.fi\/wp-content\/uploads\/2025\/10\/DSC_0006a.jpg 1500w\" sizes=\"auto, (max-width: 1024px) 100vw, 1024px\" \/><\/figure>\n","protected":false},"excerpt":{"rendered":"<p>Ylamaa Mystiquen ty\u00f6paja ja kivihiomo sijaitsee Yl\u00e4maan keskustassa vanhalla paloasemalla joka on kunnostettu ty\u00f6tilaksi. Ty\u00f6pajassa mahtuu ty\u00f6skentelem\u00e4\u00e4n maksimissaan 20 henkil\u00f6\u00e4 joille on hiomakoneet . Laitteilla voi ohjatusti valmistaa korukivi\u00e4 ja koruja. Ty\u00f6pajalla on taukotilat ja ryhmille on mahdollisuus j\u00e4rjest\u00e4\u00e4 ruokailu my\u00f6s siell\u00e4.Ammattitaitoiset kivisep\u00e4t ohjaavat teit\u00e4 ty\u00f6skentelem\u00e4\u00e4n, hiotte kivipajassa oikeita jalokivi\u00e4 ja teette niist\u00e4 omia koruja. [&hellip;]<\/p>\n","protected":false},"author":1,"featured_media":0,"parent":0,"menu_order":0,"comment_status":"closed","ping_status":"open","template":"","meta":{"footnotes":""},"class_list":["post-2","page","type-page","status-publish","hentry"],"_links":{"self":[{"href":"https:\/\/ylamaamystique.fi\/index.php\/wp-json\/wp\/v2\/pages\/2","targetHints":{"allow":["GET"]}}],"collection":[{"href":"https:\/\/ylamaamystique.fi\/index.php\/wp-json\/wp\/v2\/pages"}],"about":[{"href":"https:\/\/ylamaamystique.fi\/index.php\/wp-json\/wp\/v2\/types\/page"}],"author":[{"embeddable":true,"href":"https:\/\/ylamaamystique.fi\/index.php\/wp-json\/wp\/v2\/users\/1"}],"replies":[{"embeddable":true,"href":"https:\/\/ylamaamystique.fi\/index.php\/wp-json\/wp\/v2\/comments?post=2"}],"version-history":[{"count":4,"href":"https:\/\/ylamaamystique.fi\/index.php\/wp-json\/wp\/v2\/pages\/2\/revisions"}],"predecessor-version":[{"id":178,"href":"https:\/\/ylamaamystique.fi\/index.php\/wp-json\/wp\/v2\/pages\/2\/revisions\/178"}],"wp:attachment":[{"href":"https:\/\/ylamaamystique.fi\/index.php\/wp-json\/wp\/v2\/media?parent=2"}],"curies":[{"name":"wp","href":"https:\/\/api.w.org\/{rel}","templated":true}]}}