{"id":87,"date":"2025-10-26T09:03:30","date_gmt":"2025-10-26T09:03:30","guid":{"rendered":"https:\/\/ylamaamystique.fi\/?page_id=87"},"modified":"2025-10-26T14:06:06","modified_gmt":"2025-10-26T14:06:06","slug":"tyopaja-2","status":"publish","type":"page","link":"https:\/\/ylamaamystique.fi\/index.php\/tyopaja-2\/","title":{"rendered":"Louhimo"},"content":{"rendered":"\n<p>Maailman suurin Spektroliittilouhos on pelk\u00e4st\u00e4\u00e4n n\u00e4kemisen arvoinen. Louhimolla on laavu ja tulisija. Louhoksella voidaan j\u00e4rjest\u00e4\u00e4 tarvittaessa ruokailu ja vaikka tarjota nokipannukahvit. Louhoksen keskell\u00e4 on vesiallas ja paikka on Yl\u00e4maan korkeimpia kohtia. T\u00e4rkein louhoksen anti on kuitenkin l\u00f6yt\u00e4\u00e4 jalokiviaarre. Koe unohtumaton el\u00e4mys etsim\u00e4ll\u00e4 louhokselta Spektroliitti jalokivi josta sitten valmistat itsellesi tai l\u00e4heisellesi valmiin jalokivikorun. Opastetuilla retkill\u00e4 yhdistyv\u00e4t ryhm\u00e4nj\u00e4senten yhteinen luovuus ja sosiaalisuus. Tutustutte yhdess\u00e4 Spektroliitin syntyyn ja sen louhintaan.<br>Louhosk\u00e4ynnin j\u00e4lkeen matka jatkuu ty\u00f6pajalle Yl\u00e4maan keskustaan jossa asiakkaat p\u00e4\u00e4sev\u00e4t muokkaamaan itse l\u00f6yt\u00e4mist\u00e4\u00e4n Spektroliitti kappaleista kivikoruja.<\/p>\n\n\n\n<figure class=\"wp-block-image size-large is-resized\"><img loading=\"lazy\" decoding=\"async\" width=\"1024\" height=\"683\" src=\"https:\/\/ylamaamystique.fi\/wp-content\/uploads\/2025\/10\/mystique-louhos-1-1024x683.jpg\" alt=\"\" class=\"wp-image-151\" style=\"width:738px;height:auto\" srcset=\"https:\/\/ylamaamystique.fi\/wp-content\/uploads\/2025\/10\/mystique-louhos-1-1024x683.jpg 1024w, https:\/\/ylamaamystique.fi\/wp-content\/uploads\/2025\/10\/mystique-louhos-1-300x200.jpg 300w, https:\/\/ylamaamystique.fi\/wp-content\/uploads\/2025\/10\/mystique-louhos-1-768x512.jpg 768w, https:\/\/ylamaamystique.fi\/wp-content\/uploads\/2025\/10\/mystique-louhos-1-1536x1024.jpg 1536w, https:\/\/ylamaamystique.fi\/wp-content\/uploads\/2025\/10\/mystique-louhos-1.jpg 1599w\" sizes=\"auto, (max-width: 1024px) 100vw, 1024px\" \/><\/figure>\n\n\n\n<p>Retken j\u00e4lkeen osallistujilla on mahdollisuus tutustua Jalokivikyl\u00e4n museoon ja paikallisiin koruliikkeisiin.<\/p>\n\n\n\n<figure class=\"wp-block-image size-large is-resized\"><img loading=\"lazy\" decoding=\"async\" width=\"1024\" height=\"678\" src=\"https:\/\/ylamaamystique.fi\/wp-content\/uploads\/2025\/10\/Hiomopaiva-010-1024x678.jpg\" alt=\"\" class=\"wp-image-152\" style=\"width:745px;height:auto\" srcset=\"https:\/\/ylamaamystique.fi\/wp-content\/uploads\/2025\/10\/Hiomopaiva-010-1024x678.jpg 1024w, https:\/\/ylamaamystique.fi\/wp-content\/uploads\/2025\/10\/Hiomopaiva-010-300x199.jpg 300w, https:\/\/ylamaamystique.fi\/wp-content\/uploads\/2025\/10\/Hiomopaiva-010-768x509.jpg 768w, https:\/\/ylamaamystique.fi\/wp-content\/uploads\/2025\/10\/Hiomopaiva-010-1536x1018.jpg 1536w, https:\/\/ylamaamystique.fi\/wp-content\/uploads\/2025\/10\/Hiomopaiva-010.jpg 2000w\" sizes=\"auto, (max-width: 1024px) 100vw, 1024px\" \/><\/figure>\n\n\n\n<p>Spektroliitti kiteiden etsint\u00e4\u00e4 ennen hiomolle siirtymist\u00e4.<\/p>\n\n\n\n<figure class=\"wp-block-image size-large is-resized\"><img loading=\"lazy\" decoding=\"async\" width=\"1024\" height=\"678\" src=\"https:\/\/ylamaamystique.fi\/wp-content\/uploads\/2025\/10\/Hiomopaiva-011-1024x678.jpg\" alt=\"\" class=\"wp-image-153\" style=\"width:748px;height:auto\" srcset=\"https:\/\/ylamaamystique.fi\/wp-content\/uploads\/2025\/10\/Hiomopaiva-011-1024x678.jpg 1024w, https:\/\/ylamaamystique.fi\/wp-content\/uploads\/2025\/10\/Hiomopaiva-011-300x199.jpg 300w, https:\/\/ylamaamystique.fi\/wp-content\/uploads\/2025\/10\/Hiomopaiva-011-768x509.jpg 768w, https:\/\/ylamaamystique.fi\/wp-content\/uploads\/2025\/10\/Hiomopaiva-011-1536x1018.jpg 1536w, https:\/\/ylamaamystique.fi\/wp-content\/uploads\/2025\/10\/Hiomopaiva-011.jpg 2000w\" sizes=\"auto, (max-width: 1024px) 100vw, 1024px\" \/><\/figure>\n\n\n\n<p>Tauko nokipannukahveilla.<\/p>\n\n\n\n<figure class=\"wp-block-image size-large is-resized\"><img loading=\"lazy\" decoding=\"async\" width=\"1024\" height=\"678\" src=\"https:\/\/ylamaamystique.fi\/wp-content\/uploads\/2025\/10\/Hiomopaiva-005-1024x678.jpg\" alt=\"\" class=\"wp-image-154\" style=\"width:753px;height:auto\" srcset=\"https:\/\/ylamaamystique.fi\/wp-content\/uploads\/2025\/10\/Hiomopaiva-005-1024x678.jpg 1024w, https:\/\/ylamaamystique.fi\/wp-content\/uploads\/2025\/10\/Hiomopaiva-005-300x199.jpg 300w, https:\/\/ylamaamystique.fi\/wp-content\/uploads\/2025\/10\/Hiomopaiva-005-768x509.jpg 768w, https:\/\/ylamaamystique.fi\/wp-content\/uploads\/2025\/10\/Hiomopaiva-005-1536x1018.jpg 1536w, https:\/\/ylamaamystique.fi\/wp-content\/uploads\/2025\/10\/Hiomopaiva-005.jpg 2000w\" sizes=\"auto, (max-width: 1024px) 100vw, 1024px\" \/><\/figure>\n\n\n\n<p>Ryhm\u00e4 saa alku opastusta louhimolla. <\/p>\n","protected":false},"excerpt":{"rendered":"<p>Maailman suurin Spektroliittilouhos on pelk\u00e4st\u00e4\u00e4n n\u00e4kemisen arvoinen. Louhimolla on laavu ja tulisija. Louhoksella voidaan j\u00e4rjest\u00e4\u00e4 tarvittaessa ruokailu ja vaikka tarjota nokipannukahvit. Louhoksen keskell\u00e4 on vesiallas ja paikka on Yl\u00e4maan korkeimpia kohtia. T\u00e4rkein louhoksen anti on kuitenkin l\u00f6yt\u00e4\u00e4 jalokiviaarre. Koe unohtumaton el\u00e4mys etsim\u00e4ll\u00e4 louhokselta Spektroliitti jalokivi josta sitten valmistat itsellesi tai l\u00e4heisellesi valmiin jalokivikorun. Opastetuilla retkill\u00e4 [&hellip;]<\/p>\n","protected":false},"author":1,"featured_media":0,"parent":0,"menu_order":0,"comment_status":"closed","ping_status":"closed","template":"","meta":{"footnotes":""},"class_list":["post-87","page","type-page","status-publish","hentry"],"_links":{"self":[{"href":"https:\/\/ylamaamystique.fi\/index.php\/wp-json\/wp\/v2\/pages\/87","targetHints":{"allow":["GET"]}}],"collection":[{"href":"https:\/\/ylamaamystique.fi\/index.php\/wp-json\/wp\/v2\/pages"}],"about":[{"href":"https:\/\/ylamaamystique.fi\/index.php\/wp-json\/wp\/v2\/types\/page"}],"author":[{"embeddable":true,"href":"https:\/\/ylamaamystique.fi\/index.php\/wp-json\/wp\/v2\/users\/1"}],"replies":[{"embeddable":true,"href":"https:\/\/ylamaamystique.fi\/index.php\/wp-json\/wp\/v2\/comments?post=87"}],"version-history":[{"count":6,"href":"https:\/\/ylamaamystique.fi\/index.php\/wp-json\/wp\/v2\/pages\/87\/revisions"}],"predecessor-version":[{"id":155,"href":"https:\/\/ylamaamystique.fi\/index.php\/wp-json\/wp\/v2\/pages\/87\/revisions\/155"}],"wp:attachment":[{"href":"https:\/\/ylamaamystique.fi\/index.php\/wp-json\/wp\/v2\/media?parent=87"}],"curies":[{"name":"wp","href":"https:\/\/api.w.org\/{rel}","templated":true}]}}